{"id":2772,"date":"2024-02-17T15:35:35","date_gmt":"2024-02-17T15:35:35","guid":{"rendered":"https:\/\/www.chatkazagajdzie.pl\/?page_id=2772"},"modified":"2024-02-17T15:36:38","modified_gmt":"2024-02-17T15:36:38","slug":"rodo","status":"publish","type":"page","link":"https:\/\/www.chatkazagajdzie.pl\/index.php\/rodo\/","title":{"rendered":"RODO"},"content":{"rendered":"<p>[et_pb_section fb_built=&#8221;1&#8243; admin_label=&#8221;Header&#8221; _builder_version=&#8221;4.22.1&#8243; _module_preset=&#8221;default&#8221; background_enable_color=&#8221;off&#8221; background_image=&#8221;https:\/\/www.chatkazagajdzie.pl\/wp-content\/uploads\/2023\/01\/IMG_20200613_185137-scaled.jpg&#8221; width=&#8221;94%&#8221; width_tablet=&#8221;80%&#8221; width_phone=&#8221;80%&#8221; width_last_edited=&#8221;on|desktop&#8221; max_width=&#8221;2000px&#8221; module_alignment=&#8221;center&#8221; custom_margin=&#8221;100px||20px||false|false&#8221; custom_margin_tablet=&#8221;||0px||false|false&#8221; custom_margin_phone=&#8221;||0px||false|false&#8221; custom_margin_last_edited=&#8221;on|tablet&#8221; custom_padding=&#8221;6vw||6vw||true|false&#8221; border_radii=&#8221;on|10px|10px|10px|10px&#8221; locked=&#8221;off&#8221; collapsed=&#8221;on&#8221; global_colors_info=&#8221;{%22gcid-5aa9ce6a-8a5e-4347-973a-c6b91f603234%22:%91%22background_color%22,%22background_color%22%93}&#8221; theme_builder_area=&#8221;post_content&#8221;][et_pb_row _builder_version=&#8221;4.21.0&#8243; _module_preset=&#8221;default&#8221; global_colors_info=&#8221;{}&#8221; theme_builder_area=&#8221;post_content&#8221;][et_pb_column type=&#8221;4_4&#8243; _builder_version=&#8221;4.21.0&#8243; _module_preset=&#8221;default&#8221; global_colors_info=&#8221;{}&#8221; theme_builder_area=&#8221;post_content&#8221;][et_pb_text _builder_version=&#8221;4.24.0&#8243; _module_preset=&#8221;0e2aaae1-2733-4371-a199-db2a1e12a6eb&#8221; header_text_color=&#8221;#FFFFFF&#8221; background_color=&#8221;rgba(73,101,114,0.82)&#8221; text_orientation=&#8221;center&#8221; custom_padding=&#8221;18px||10px||false|false&#8221; hover_enabled=&#8221;0&#8243; border_radii=&#8221;on|7px|7px|7px|7px&#8221; locked=&#8221;off&#8221; global_colors_info=&#8221;{}&#8221; theme_builder_area=&#8221;post_content&#8221; sticky_enabled=&#8221;0&#8243;]<\/p>\n<h1>RODO<\/h1>\n<p>[\/et_pb_text][\/et_pb_column][\/et_pb_row][\/et_pb_section][et_pb_section fb_built=&#8221;1&#8243; custom_padding_last_edited=&#8221;on|tablet&#8221; admin_label=&#8221;Call to Action&#8221; _builder_version=&#8221;4.21.0&#8243; _module_preset=&#8221;default&#8221; custom_padding=&#8221;0px||20px||false|false&#8221; custom_padding_tablet=&#8221;0px||0px||false|false&#8221; custom_padding_phone=&#8221;0px||0px||false|false&#8221; locked=&#8221;off&#8221; collapsed=&#8221;on&#8221; global_colors_info=&#8221;{}&#8221; theme_builder_area=&#8221;post_content&#8221;][et_pb_row _builder_version=&#8221;4.24.0&#8243; _module_preset=&#8221;default&#8221; theme_builder_area=&#8221;post_content&#8221;][et_pb_column _builder_version=&#8221;4.24.0&#8243; _module_preset=&#8221;default&#8221; type=&#8221;4_4&#8243; theme_builder_area=&#8221;post_content&#8221;][et_pb_text _builder_version=&#8221;4.24.0&#8243; _module_preset=&#8221;default&#8221; theme_builder_area=&#8221;post_content&#8221; hover_enabled=&#8221;0&#8243; sticky_enabled=&#8221;0&#8243;]<\/p>\n<p>Zgodnie z og\u00f3lnym rozporz\u0105dzeniem o\u00a0ochronie danych z\u00a0dnia 27 kwietnia 2016 r. zwanym dalej RODO informujemy, i\u017c:<\/p>\n<ol>\n<li>Administratorem Pani\/Pana danych osobowych jest Chatka Zagajdzie z siedzib\u0105 w Zagajdziu, Zagajdzie 17A<\/li>\n<li>Administrator powo\u0142a\u0142 Inspektora Ochrony Danych, z kt\u00f3rym mo\u017cna skontaktowa\u0107 si\u0119 pod numerem telefonu +48 508 262 049 lub adresem e-mail:<span> kontakt@chatkazagajdzie.pl<\/span>\u00a0Z Inspektorem Ochrony Danych mo\u017cna kontaktowa\u0107 si\u0119 we wszystkich sprawach dotycz\u0105cych przetwarzania danych osobowych oraz korzystania z praw zwi\u0105zanych z\u00a0 ich przetwarzaniem.<\/li>\n<li>Chatka Zagajdzie b\u0119dzie przetwarza\u0142 nast\u0119puj\u0105ce dane osobowe: Imiona i nazwiska, adres e-mail, numer telefonu, informacje o diecie, informacje o ograniczeniach pokarmowych, a tak\u017ce potencjalnie imiona i nazwiska dzieci, ich wiek i ograniczenia pokarmowe.<\/li>\n<li>Pani\/Pana dane osobowe przetwarzane b\u0119d\u0105 w celu przygotowania do przeprowadzenia us\u0142ugi w postaci wyjazdu b\u0105d\u017a warsztatu.<\/li>\n<li>\u00a0Podstaw\u0105 prawn\u0105 do przetwarzania Pani\/Pana danych osobowych jest 6 ust. 1 lit. c RODO.<\/li>\n<li>\u00a0Podanie przez Pani\u0105\/ Pana danych osobowych jest warunkiem zawarcia umowy.<\/li>\n<li>Pani\/Pana dane osobowe b\u0119d\u0105 przetwarzane w imieniu administratora danych przez upowa\u017cnionych pracownik\u00f3w\u00a0 wy\u0142\u0105cznie w celach, o kt\u00f3rych mowa w ust. 4.<\/li>\n<li>Pani\/ Pana dane osobowe b\u0119d\u0105 przechowywane przez okres 12 miesi\u0119cy.<\/li>\n<li>Pani\/Pana dane osobowe nie b\u0119d\u0105 udost\u0119pniane podmiotom zewn\u0119trznym z wyj\u0105tkiem przypadk\u00f3w przewidzianych przepisami prawa i nie b\u0119d\u0105 udost\u0119pniane podmiotom zewn\u0119trznym.<\/li>\n<li>Na zasadach okre\u015blonych przepisami RODO przys\u0142uguje Pani\/Panu:\n<ol>\n<li>prawo dost\u0119pu do tre\u015bci swoich danych,<\/li>\n<li>prawo do ich sprostowania, gdy s\u0105 niezgodne ze stanem rzeczywistym,<\/li>\n<li>prawo do ich usuni\u0119cia, ograniczenia przetwarzania, a tak\u017ce przenoszenia danych \u2013 w przypadkach przewidzianych prawem,<\/li>\n<li>prawo do wniesienia sprzeciwu wobec przetwarzania danych,<\/li>\n<li>prawo do wniesienia skargi do organu nadzorczego \u2013 Prezesa Urz\u0119du Ochrony Danych Osobowych, gdy uzna Pani\/Pan, \u017ce przetwarzanie Pani\/Pana danych osobowych narusza przepisy o ochronie danych osobowych.<\/li>\n<\/ol>\n<\/li>\n<\/ol>\n<ol><\/ol>\n<p>[\/et_pb_text][\/et_pb_column][\/et_pb_row][\/et_pb_section]<\/p>\n","protected":false},"excerpt":{"rendered":"<p>RODOZgodnie z og\u00f3lnym rozporz\u0105dzeniem o\u00a0ochronie danych z\u00a0dnia 27 kwietnia 2016 r. zwanym dalej RODO informujemy, i\u017c: Administratorem Pani\/Pana danych osobowych jest Chatka Zagajdzie z siedzib\u0105 w Zagajdziu, Zagajdzie 17A Administrator powo\u0142a\u0142 Inspektora Ochrony Danych, z kt\u00f3rym mo\u017cna skontaktowa\u0107 si\u0119 pod numerem telefonu +48 508 262 049 lub adresem e-mail: kontakt@chatkazagajdzie.pl\u00a0Z Inspektorem Ochrony Danych mo\u017cna kontaktowa\u0107 [&hellip;]<\/p>\n","protected":false},"author":1,"featured_media":0,"parent":0,"menu_order":0,"comment_status":"closed","ping_status":"closed","template":"","meta":{"_acf_changed":false,"_et_pb_use_builder":"on","_et_pb_old_content":"","_et_gb_content_width":"","footnotes":""},"class_list":["post-2772","page","type-page","status-publish","hentry"],"acf":[],"yoast_head":"<!-- This site is optimized with the Yoast SEO plugin v24.2 - https:\/\/yoast.com\/wordpress\/plugins\/seo\/ -->\n<title>RODO - Chatka Zagajdzie<\/title>\n<meta name=\"robots\" content=\"index, follow, max-snippet:-1, max-image-preview:large, max-video-preview:-1\" \/>\n<link rel=\"canonical\" href=\"https:\/\/www.chatkazagajdzie.pl\/index.php\/rodo\/\" \/>\n<meta property=\"og:locale\" content=\"en_US\" \/>\n<meta property=\"og:type\" content=\"article\" \/>\n<meta property=\"og:title\" content=\"RODO - Chatka Zagajdzie\" \/>\n<meta property=\"og:description\" content=\"RODOZgodnie z og\u00f3lnym rozporz\u0105dzeniem o\u00a0ochronie danych z\u00a0dnia 27 kwietnia 2016 r. zwanym dalej RODO informujemy, i\u017c: Administratorem Pani\/Pana danych osobowych jest Chatka Zagajdzie z siedzib\u0105 w Zagajdziu, Zagajdzie 17A Administrator powo\u0142a\u0142 Inspektora Ochrony Danych, z kt\u00f3rym mo\u017cna skontaktowa\u0107 si\u0119 pod numerem telefonu +48 508 262 049 lub adresem e-mail: kontakt@chatkazagajdzie.pl\u00a0Z Inspektorem Ochrony Danych mo\u017cna kontaktowa\u0107 [&hellip;]\" \/>\n<meta property=\"og:url\" content=\"https:\/\/www.chatkazagajdzie.pl\/index.php\/rodo\/\" \/>\n<meta property=\"og:site_name\" content=\"Chatka Zagajdzie\" \/>\n<meta property=\"article:modified_time\" content=\"2024-02-17T15:36:38+00:00\" \/>\n<meta property=\"og:image\" content=\"https:\/\/www.chatkazagajdzie.pl\/wp-content\/uploads\/2023\/11\/20230902_104158-scaled.jpg\" \/>\n\t<meta property=\"og:image:width\" content=\"2560\" \/>\n\t<meta property=\"og:image:height\" content=\"1920\" \/>\n\t<meta property=\"og:image:type\" content=\"image\/jpeg\" \/>\n<meta name=\"twitter:card\" content=\"summary_large_image\" \/>\n<meta name=\"twitter:label1\" content=\"Est. reading time\" \/>\n\t<meta name=\"twitter:data1\" content=\"3 minutes\" \/>\n<script type=\"application\/ld+json\" class=\"yoast-schema-graph\">{\"@context\":\"https:\/\/schema.org\",\"@graph\":[{\"@type\":\"WebPage\",\"@id\":\"https:\/\/www.chatkazagajdzie.pl\/index.php\/rodo\/\",\"url\":\"https:\/\/www.chatkazagajdzie.pl\/index.php\/rodo\/\",\"name\":\"RODO - Chatka Zagajdzie\",\"isPartOf\":{\"@id\":\"https:\/\/www.chatkazagajdzie.pl\/#website\"},\"datePublished\":\"2024-02-17T15:35:35+00:00\",\"dateModified\":\"2024-02-17T15:36:38+00:00\",\"breadcrumb\":{\"@id\":\"https:\/\/www.chatkazagajdzie.pl\/index.php\/rodo\/#breadcrumb\"},\"inLanguage\":\"en\",\"potentialAction\":[{\"@type\":\"ReadAction\",\"target\":[\"https:\/\/www.chatkazagajdzie.pl\/index.php\/rodo\/\"]}]},{\"@type\":\"BreadcrumbList\",\"@id\":\"https:\/\/www.chatkazagajdzie.pl\/index.php\/rodo\/#breadcrumb\",\"itemListElement\":[{\"@type\":\"ListItem\",\"position\":1,\"name\":\"Strona g\u0142\u00f3wna\",\"item\":\"https:\/\/www.chatkazagajdzie.pl\/\"},{\"@type\":\"ListItem\",\"position\":2,\"name\":\"RODO\"}]},{\"@type\":\"WebSite\",\"@id\":\"https:\/\/www.chatkazagajdzie.pl\/#website\",\"url\":\"https:\/\/www.chatkazagajdzie.pl\/\",\"name\":\"Chatka Zagajdzie\",\"description\":\"\\\\\",\"publisher\":{\"@id\":\"https:\/\/www.chatkazagajdzie.pl\/#organization\"},\"potentialAction\":[{\"@type\":\"SearchAction\",\"target\":{\"@type\":\"EntryPoint\",\"urlTemplate\":\"https:\/\/www.chatkazagajdzie.pl\/?s={search_term_string}\"},\"query-input\":{\"@type\":\"PropertyValueSpecification\",\"valueRequired\":true,\"valueName\":\"search_term_string\"}}],\"inLanguage\":\"en\"},{\"@type\":\"Organization\",\"@id\":\"https:\/\/www.chatkazagajdzie.pl\/#organization\",\"name\":\"Chatka Zagajdzie\",\"url\":\"https:\/\/www.chatkazagajdzie.pl\/\",\"logo\":{\"@type\":\"ImageObject\",\"inLanguage\":\"en\",\"@id\":\"https:\/\/www.chatkazagajdzie.pl\/#\/schema\/logo\/image\/\",\"url\":\"http:\/\/www.chatkazagajdzie.pl\/wp-content\/uploads\/2023\/11\/20230902_104158-scaled.jpg\",\"contentUrl\":\"http:\/\/www.chatkazagajdzie.pl\/wp-content\/uploads\/2023\/11\/20230902_104158-scaled.jpg\",\"width\":2560,\"height\":1920,\"caption\":\"Chatka Zagajdzie\"},\"image\":{\"@id\":\"https:\/\/www.chatkazagajdzie.pl\/#\/schema\/logo\/image\/\"}}]}<\/script>\n<!-- \/ Yoast SEO plugin. -->","yoast_head_json":{"title":"RODO - Chatka Zagajdzie","robots":{"index":"index","follow":"follow","max-snippet":"max-snippet:-1","max-image-preview":"max-image-preview:large","max-video-preview":"max-video-preview:-1"},"canonical":"https:\/\/www.chatkazagajdzie.pl\/index.php\/rodo\/","og_locale":"en_US","og_type":"article","og_title":"RODO - Chatka Zagajdzie","og_description":"RODOZgodnie z og\u00f3lnym rozporz\u0105dzeniem o\u00a0ochronie danych z\u00a0dnia 27 kwietnia 2016 r. zwanym dalej RODO informujemy, i\u017c: Administratorem Pani\/Pana danych osobowych jest Chatka Zagajdzie z siedzib\u0105 w Zagajdziu, Zagajdzie 17A Administrator powo\u0142a\u0142 Inspektora Ochrony Danych, z kt\u00f3rym mo\u017cna skontaktowa\u0107 si\u0119 pod numerem telefonu +48 508 262 049 lub adresem e-mail: kontakt@chatkazagajdzie.pl\u00a0Z Inspektorem Ochrony Danych mo\u017cna kontaktowa\u0107 [&hellip;]","og_url":"https:\/\/www.chatkazagajdzie.pl\/index.php\/rodo\/","og_site_name":"Chatka Zagajdzie","article_modified_time":"2024-02-17T15:36:38+00:00","og_image":[{"width":2560,"height":1920,"url":"https:\/\/www.chatkazagajdzie.pl\/wp-content\/uploads\/2023\/11\/20230902_104158-scaled.jpg","type":"image\/jpeg"}],"twitter_card":"summary_large_image","twitter_misc":{"Est. reading time":"3 minutes"},"schema":{"@context":"https:\/\/schema.org","@graph":[{"@type":"WebPage","@id":"https:\/\/www.chatkazagajdzie.pl\/index.php\/rodo\/","url":"https:\/\/www.chatkazagajdzie.pl\/index.php\/rodo\/","name":"RODO - Chatka Zagajdzie","isPartOf":{"@id":"https:\/\/www.chatkazagajdzie.pl\/#website"},"datePublished":"2024-02-17T15:35:35+00:00","dateModified":"2024-02-17T15:36:38+00:00","breadcrumb":{"@id":"https:\/\/www.chatkazagajdzie.pl\/index.php\/rodo\/#breadcrumb"},"inLanguage":"en","potentialAction":[{"@type":"ReadAction","target":["https:\/\/www.chatkazagajdzie.pl\/index.php\/rodo\/"]}]},{"@type":"BreadcrumbList","@id":"https:\/\/www.chatkazagajdzie.pl\/index.php\/rodo\/#breadcrumb","itemListElement":[{"@type":"ListItem","position":1,"name":"Strona g\u0142\u00f3wna","item":"https:\/\/www.chatkazagajdzie.pl\/"},{"@type":"ListItem","position":2,"name":"RODO"}]},{"@type":"WebSite","@id":"https:\/\/www.chatkazagajdzie.pl\/#website","url":"https:\/\/www.chatkazagajdzie.pl\/","name":"Chatka Zagajdzie","description":"\\","publisher":{"@id":"https:\/\/www.chatkazagajdzie.pl\/#organization"},"potentialAction":[{"@type":"SearchAction","target":{"@type":"EntryPoint","urlTemplate":"https:\/\/www.chatkazagajdzie.pl\/?s={search_term_string}"},"query-input":{"@type":"PropertyValueSpecification","valueRequired":true,"valueName":"search_term_string"}}],"inLanguage":"en"},{"@type":"Organization","@id":"https:\/\/www.chatkazagajdzie.pl\/#organization","name":"Chatka Zagajdzie","url":"https:\/\/www.chatkazagajdzie.pl\/","logo":{"@type":"ImageObject","inLanguage":"en","@id":"https:\/\/www.chatkazagajdzie.pl\/#\/schema\/logo\/image\/","url":"http:\/\/www.chatkazagajdzie.pl\/wp-content\/uploads\/2023\/11\/20230902_104158-scaled.jpg","contentUrl":"http:\/\/www.chatkazagajdzie.pl\/wp-content\/uploads\/2023\/11\/20230902_104158-scaled.jpg","width":2560,"height":1920,"caption":"Chatka Zagajdzie"},"image":{"@id":"https:\/\/www.chatkazagajdzie.pl\/#\/schema\/logo\/image\/"}}]}},"_links":{"self":[{"href":"https:\/\/www.chatkazagajdzie.pl\/index.php\/wp-json\/wp\/v2\/pages\/2772","targetHints":{"allow":["GET"]}}],"collection":[{"href":"https:\/\/www.chatkazagajdzie.pl\/index.php\/wp-json\/wp\/v2\/pages"}],"about":[{"href":"https:\/\/www.chatkazagajdzie.pl\/index.php\/wp-json\/wp\/v2\/types\/page"}],"author":[{"embeddable":true,"href":"https:\/\/www.chatkazagajdzie.pl\/index.php\/wp-json\/wp\/v2\/users\/1"}],"replies":[{"embeddable":true,"href":"https:\/\/www.chatkazagajdzie.pl\/index.php\/wp-json\/wp\/v2\/comments?post=2772"}],"version-history":[{"count":3,"href":"https:\/\/www.chatkazagajdzie.pl\/index.php\/wp-json\/wp\/v2\/pages\/2772\/revisions"}],"predecessor-version":[{"id":2776,"href":"https:\/\/www.chatkazagajdzie.pl\/index.php\/wp-json\/wp\/v2\/pages\/2772\/revisions\/2776"}],"wp:attachment":[{"href":"https:\/\/www.chatkazagajdzie.pl\/index.php\/wp-json\/wp\/v2\/media?parent=2772"}],"curies":[{"name":"wp","href":"https:\/\/api.w.org\/{rel}","templated":true}]}}