{"id":2677,"date":"2024-01-22T19:02:54","date_gmt":"2024-01-22T19:02:54","guid":{"rendered":"http:\/\/www.chatkazagajdzie.pl\/?page_id=2677"},"modified":"2024-02-17T15:40:18","modified_gmt":"2024-02-17T15:40:18","slug":"zapisy","status":"publish","type":"page","link":"https:\/\/www.chatkazagajdzie.pl\/index.php\/zapisy\/","title":{"rendered":"Zapisy"},"content":{"rendered":"<p>[et_pb_section fb_built=&#8221;1&#8243; admin_label=&#8221;Header&#8221; _builder_version=&#8221;4.24.0&#8243; _module_preset=&#8221;default&#8221; background_enable_color=&#8221;off&#8221; background_image=&#8221;https:\/\/www.chatkazagajdzie.pl\/wp-content\/uploads\/2023\/11\/IMG_8548.jpg&#8221; width=&#8221;94%&#8221; width_tablet=&#8221;80%&#8221; width_phone=&#8221;100%&#8221; width_last_edited=&#8221;on|desktop&#8221; max_width=&#8221;2000px&#8221; module_alignment=&#8221;center&#8221; custom_margin=&#8221;100px||20px||false|false&#8221; custom_margin_tablet=&#8221;||0px||false|false&#8221; custom_margin_phone=&#8221;||0px||false|false&#8221; custom_margin_last_edited=&#8221;on|tablet&#8221; custom_padding=&#8221;6vw||6vw||true|false&#8221; border_radii=&#8221;on|10px|10px|10px|10px&#8221; locked=&#8221;off&#8221; collapsed=&#8221;on&#8221; global_colors_info=&#8221;{%22gcid-5aa9ce6a-8a5e-4347-973a-c6b91f603234%22:%91%22background_color%22,%22background_color%22%93}&#8221;][et_pb_row _builder_version=&#8221;4.21.0&#8243; _module_preset=&#8221;default&#8221; global_colors_info=&#8221;{}&#8221;][et_pb_column type=&#8221;4_4&#8243; _builder_version=&#8221;4.21.0&#8243; _module_preset=&#8221;default&#8221; global_colors_info=&#8221;{}&#8221;][et_pb_text _builder_version=&#8221;4.22.1&#8243; _module_preset=&#8221;0e2aaae1-2733-4371-a199-db2a1e12a6eb&#8221; header_text_color=&#8221;#FFFFFF&#8221; background_color=&#8221;rgba(73,101,114,0.82)&#8221; text_orientation=&#8221;center&#8221; custom_padding=&#8221;18px||10px||false|false&#8221; border_radii=&#8221;on|7px|7px|7px|7px&#8221; locked=&#8221;off&#8221; global_colors_info=&#8221;{}&#8221;]<\/p>\n<h1>Zapisy<\/h1>\n<p>[\/et_pb_text][\/et_pb_column][\/et_pb_row][\/et_pb_section][et_pb_section fb_built=&#8221;1&#8243; _builder_version=&#8221;4.24.0&#8243; _module_preset=&#8221;default&#8221; global_colors_info=&#8221;{}&#8221;][et_pb_row _builder_version=&#8221;4.24.0&#8243; _module_preset=&#8221;default&#8221; global_colors_info=&#8221;{}&#8221;][et_pb_column type=&#8221;4_4&#8243; _builder_version=&#8221;4.24.0&#8243; _module_preset=&#8221;default&#8221; global_colors_info=&#8221;{}&#8221;][et_pb_contact_form _builder_version=&#8221;4.24.0&#8243; _module_preset=&#8221;default&#8221; _unique_id=&#8221;fa31d9cd-3795-486b-a750-bb0035f08112&#8243; hover_enabled=&#8221;0&#8243; global_colors_info=&#8221;{}&#8221; sticky_enabled=&#8221;0&#8243; custom_button=&#8221;on&#8221; submit_button_text=&#8221;Wy\u015blij&#8221; success_message=&#8221;Dzi\u0119kujemy!&#8221; captcha=&#8221;off&#8221;][et_pb_contact_field field_id=&#8221;Imie_i_nazwisko&#8221; field_title=&#8221;Imi\u0119 i nazwisko&#8221; fullwidth_field=&#8221;on&#8221; _builder_version=&#8221;4.24.0&#8243; global_colors_info=&#8221;{}&#8221; button_text_size__hover_enabled=&#8221;off&#8221; button_one_text_size__hover_enabled=&#8221;off&#8221; button_two_text_size__hover_enabled=&#8221;off&#8221; button_text_color__hover_enabled=&#8221;off&#8221; button_one_text_color__hover_enabled=&#8221;off&#8221; button_two_text_color__hover_enabled=&#8221;off&#8221; button_border_width__hover_enabled=&#8221;off&#8221; button_one_border_width__hover_enabled=&#8221;off&#8221; button_two_border_width__hover_enabled=&#8221;off&#8221; button_border_color__hover_enabled=&#8221;off&#8221; button_one_border_color__hover_enabled=&#8221;off&#8221; button_two_border_color__hover_enabled=&#8221;off&#8221; button_border_radius__hover_enabled=&#8221;off&#8221; button_one_border_radius__hover_enabled=&#8221;off&#8221; button_two_border_radius__hover_enabled=&#8221;off&#8221; button_letter_spacing__hover_enabled=&#8221;off&#8221; button_one_letter_spacing__hover_enabled=&#8221;off&#8221; button_two_letter_spacing__hover_enabled=&#8221;off&#8221; button_bg_color__hover_enabled=&#8221;off&#8221; button_one_bg_color__hover_enabled=&#8221;off&#8221; button_two_bg_color__hover_enabled=&#8221;off&#8221;][\/et_pb_contact_field][et_pb_contact_field field_id=&#8221;email&#8221; field_title=&#8221;Adres e-mail&#8221; field_type=&#8221;email&#8221; _builder_version=&#8221;4.24.0&#8243; global_colors_info=&#8221;{}&#8221; button_text_size__hover_enabled=&#8221;off&#8221; button_one_text_size__hover_enabled=&#8221;off&#8221; button_two_text_size__hover_enabled=&#8221;off&#8221; button_text_color__hover_enabled=&#8221;off&#8221; button_one_text_color__hover_enabled=&#8221;off&#8221; button_two_text_color__hover_enabled=&#8221;off&#8221; button_border_width__hover_enabled=&#8221;off&#8221; button_one_border_width__hover_enabled=&#8221;off&#8221; button_two_border_width__hover_enabled=&#8221;off&#8221; button_border_color__hover_enabled=&#8221;off&#8221; button_one_border_color__hover_enabled=&#8221;off&#8221; button_two_border_color__hover_enabled=&#8221;off&#8221; button_border_radius__hover_enabled=&#8221;off&#8221; button_one_border_radius__hover_enabled=&#8221;off&#8221; button_two_border_radius__hover_enabled=&#8221;off&#8221; button_letter_spacing__hover_enabled=&#8221;off&#8221; button_one_letter_spacing__hover_enabled=&#8221;off&#8221; button_two_letter_spacing__hover_enabled=&#8221;off&#8221; button_bg_color__hover_enabled=&#8221;off&#8221; button_one_bg_color__hover_enabled=&#8221;off&#8221; button_two_bg_color__hover_enabled=&#8221;off&#8221;][\/et_pb_contact_field][et_pb_contact_field field_id=&#8221;telefon&#8221; field_title=&#8221;Telefon&#8221; min_length=&#8221;6&#8243; max_length=&#8221;12&#8243; _builder_version=&#8221;4.24.0&#8243; _module_preset=&#8221;default&#8221; global_colors_info=&#8221;{}&#8221;][\/et_pb_contact_field][et_pb_contact_field field_id=&#8221;wyjazd&#8221; field_title=&#8221;Wyjazd&#8221; field_type=&#8221;select&#8221; select_options=&#8221;%91{%22value%22:%22Warsztat 1%22,%22checked%22:0,%22dragID%22:-1},{%22value%22:%22Warsztat 2%22,%22checked%22:0,%22dragID%22:0},{%22value%22:%22Warsztat 3%22,%22checked%22:0,%22dragID%22:1}%93&#8243; fullwidth_field=&#8221;on&#8221; _builder_version=&#8221;4.24.0&#8243; _module_preset=&#8221;default&#8221; hover_enabled=&#8221;0&#8243; global_colors_info=&#8221;{}&#8221; sticky_enabled=&#8221;0&#8243;][\/et_pb_contact_field][et_pb_contact_field field_id=&#8221;dieta&#8221; field_title=&#8221;Wy\u017cywienie&#8221; field_type=&#8221;radio&#8221; radio_options=&#8221;%91{%22value%22:%22Mi\u0119sne%22,%22checked%22:0,%22dragID%22:-1,%22link_url%22:%22%22,%22link_text%22:%22%22},{%22value%22:%22Wegetaria\u0144skie%22,%22checked%22:0,%22dragID%22:0}%93&#8243; fullwidth_field=&#8221;on&#8221; _builder_version=&#8221;4.24.0&#8243; _module_preset=&#8221;default&#8221; global_colors_info=&#8221;{}&#8221;][\/et_pb_contact_field][et_pb_contact_field field_id=&#8221;dieta2&#8243; field_title=&#8221;Inne ograniczenia pokarmowe&#8221; required_mark=&#8221;off&#8221; fullwidth_field=&#8221;on&#8221; _builder_version=&#8221;4.24.0&#8243; _module_preset=&#8221;default&#8221; global_colors_info=&#8221;{}&#8221;][\/et_pb_contact_field][et_pb_contact_field fullwidth_field=&#8221;on&#8221; _builder_version=&#8221;4.24.0&#8243; _module_preset=&#8221;default&#8221; field_id=&#8221;rodo&#8221; field_title=&#8221;RODO&#8221; hover_enabled=&#8221;0&#8243; sticky_enabled=&#8221;0&#8243; field_type=&#8221;checkbox&#8221; checkbox_options=&#8221;%91{%22value%22:%22Zgadzam si\u0119 na wykorzystywanie moich danych okre\u015blone w %22,%22checked%22:0,%22dragID%22:-1,%22link_url%22:%22https:\/\/www.chatkazagajdzie.pl\/index.php\/rodo\/%22,%22link_text%22:%22klauzuli RODO%22}%93&#8243;][\/et_pb_contact_field][\/et_pb_contact_form][\/et_pb_column][\/et_pb_row][\/et_pb_section]<\/p>\n","protected":false},"excerpt":{"rendered":"<p>Zapisy<\/p>\n","protected":false},"author":1,"featured_media":0,"parent":0,"menu_order":0,"comment_status":"closed","ping_status":"closed","template":"","meta":{"_acf_changed":false,"_et_pb_use_builder":"on","_et_pb_old_content":"","_et_gb_content_width":"","footnotes":""},"class_list":["post-2677","page","type-page","status-publish","hentry"],"acf":[],"yoast_head":"<!-- This site is optimized with the Yoast SEO plugin v24.2 - https:\/\/yoast.com\/wordpress\/plugins\/seo\/ -->\n<title>Zapisy - Chatka Zagajdzie<\/title>\n<meta name=\"robots\" content=\"index, follow, max-snippet:-1, max-image-preview:large, max-video-preview:-1\" \/>\n<link rel=\"canonical\" href=\"https:\/\/www.chatkazagajdzie.pl\/index.php\/zapisy\/\" \/>\n<meta property=\"og:locale\" content=\"en_US\" \/>\n<meta property=\"og:type\" content=\"article\" \/>\n<meta property=\"og:title\" content=\"Zapisy - Chatka Zagajdzie\" \/>\n<meta property=\"og:description\" content=\"Zapisy\" \/>\n<meta property=\"og:url\" content=\"https:\/\/www.chatkazagajdzie.pl\/index.php\/zapisy\/\" \/>\n<meta property=\"og:site_name\" content=\"Chatka Zagajdzie\" \/>\n<meta property=\"article:modified_time\" content=\"2024-02-17T15:40:18+00:00\" \/>\n<meta property=\"og:image\" content=\"https:\/\/www.chatkazagajdzie.pl\/wp-content\/uploads\/2023\/11\/20230902_104158-scaled.jpg\" \/>\n\t<meta property=\"og:image:width\" content=\"2560\" \/>\n\t<meta property=\"og:image:height\" content=\"1920\" \/>\n\t<meta property=\"og:image:type\" content=\"image\/jpeg\" \/>\n<meta name=\"twitter:card\" content=\"summary_large_image\" \/>\n<meta name=\"twitter:label1\" content=\"Est. reading time\" \/>\n\t<meta name=\"twitter:data1\" content=\"4 minutes\" \/>\n<script type=\"application\/ld+json\" class=\"yoast-schema-graph\">{\"@context\":\"https:\/\/schema.org\",\"@graph\":[{\"@type\":\"WebPage\",\"@id\":\"https:\/\/www.chatkazagajdzie.pl\/index.php\/zapisy\/\",\"url\":\"https:\/\/www.chatkazagajdzie.pl\/index.php\/zapisy\/\",\"name\":\"Zapisy - Chatka Zagajdzie\",\"isPartOf\":{\"@id\":\"https:\/\/www.chatkazagajdzie.pl\/#website\"},\"datePublished\":\"2024-01-22T19:02:54+00:00\",\"dateModified\":\"2024-02-17T15:40:18+00:00\",\"breadcrumb\":{\"@id\":\"https:\/\/www.chatkazagajdzie.pl\/index.php\/zapisy\/#breadcrumb\"},\"inLanguage\":\"en\",\"potentialAction\":[{\"@type\":\"ReadAction\",\"target\":[\"https:\/\/www.chatkazagajdzie.pl\/index.php\/zapisy\/\"]}]},{\"@type\":\"BreadcrumbList\",\"@id\":\"https:\/\/www.chatkazagajdzie.pl\/index.php\/zapisy\/#breadcrumb\",\"itemListElement\":[{\"@type\":\"ListItem\",\"position\":1,\"name\":\"Strona g\u0142\u00f3wna\",\"item\":\"https:\/\/www.chatkazagajdzie.pl\/\"},{\"@type\":\"ListItem\",\"position\":2,\"name\":\"Zapisy\"}]},{\"@type\":\"WebSite\",\"@id\":\"https:\/\/www.chatkazagajdzie.pl\/#website\",\"url\":\"https:\/\/www.chatkazagajdzie.pl\/\",\"name\":\"Chatka Zagajdzie\",\"description\":\"\\\\\",\"publisher\":{\"@id\":\"https:\/\/www.chatkazagajdzie.pl\/#organization\"},\"potentialAction\":[{\"@type\":\"SearchAction\",\"target\":{\"@type\":\"EntryPoint\",\"urlTemplate\":\"https:\/\/www.chatkazagajdzie.pl\/?s={search_term_string}\"},\"query-input\":{\"@type\":\"PropertyValueSpecification\",\"valueRequired\":true,\"valueName\":\"search_term_string\"}}],\"inLanguage\":\"en\"},{\"@type\":\"Organization\",\"@id\":\"https:\/\/www.chatkazagajdzie.pl\/#organization\",\"name\":\"Chatka Zagajdzie\",\"url\":\"https:\/\/www.chatkazagajdzie.pl\/\",\"logo\":{\"@type\":\"ImageObject\",\"inLanguage\":\"en\",\"@id\":\"https:\/\/www.chatkazagajdzie.pl\/#\/schema\/logo\/image\/\",\"url\":\"http:\/\/www.chatkazagajdzie.pl\/wp-content\/uploads\/2023\/11\/20230902_104158-scaled.jpg\",\"contentUrl\":\"http:\/\/www.chatkazagajdzie.pl\/wp-content\/uploads\/2023\/11\/20230902_104158-scaled.jpg\",\"width\":2560,\"height\":1920,\"caption\":\"Chatka Zagajdzie\"},\"image\":{\"@id\":\"https:\/\/www.chatkazagajdzie.pl\/#\/schema\/logo\/image\/\"}}]}<\/script>\n<!-- \/ Yoast SEO plugin. -->","yoast_head_json":{"title":"Zapisy - Chatka Zagajdzie","robots":{"index":"index","follow":"follow","max-snippet":"max-snippet:-1","max-image-preview":"max-image-preview:large","max-video-preview":"max-video-preview:-1"},"canonical":"https:\/\/www.chatkazagajdzie.pl\/index.php\/zapisy\/","og_locale":"en_US","og_type":"article","og_title":"Zapisy - Chatka Zagajdzie","og_description":"Zapisy","og_url":"https:\/\/www.chatkazagajdzie.pl\/index.php\/zapisy\/","og_site_name":"Chatka Zagajdzie","article_modified_time":"2024-02-17T15:40:18+00:00","og_image":[{"width":2560,"height":1920,"url":"https:\/\/www.chatkazagajdzie.pl\/wp-content\/uploads\/2023\/11\/20230902_104158-scaled.jpg","type":"image\/jpeg"}],"twitter_card":"summary_large_image","twitter_misc":{"Est. reading time":"4 minutes"},"schema":{"@context":"https:\/\/schema.org","@graph":[{"@type":"WebPage","@id":"https:\/\/www.chatkazagajdzie.pl\/index.php\/zapisy\/","url":"https:\/\/www.chatkazagajdzie.pl\/index.php\/zapisy\/","name":"Zapisy - Chatka Zagajdzie","isPartOf":{"@id":"https:\/\/www.chatkazagajdzie.pl\/#website"},"datePublished":"2024-01-22T19:02:54+00:00","dateModified":"2024-02-17T15:40:18+00:00","breadcrumb":{"@id":"https:\/\/www.chatkazagajdzie.pl\/index.php\/zapisy\/#breadcrumb"},"inLanguage":"en","potentialAction":[{"@type":"ReadAction","target":["https:\/\/www.chatkazagajdzie.pl\/index.php\/zapisy\/"]}]},{"@type":"BreadcrumbList","@id":"https:\/\/www.chatkazagajdzie.pl\/index.php\/zapisy\/#breadcrumb","itemListElement":[{"@type":"ListItem","position":1,"name":"Strona g\u0142\u00f3wna","item":"https:\/\/www.chatkazagajdzie.pl\/"},{"@type":"ListItem","position":2,"name":"Zapisy"}]},{"@type":"WebSite","@id":"https:\/\/www.chatkazagajdzie.pl\/#website","url":"https:\/\/www.chatkazagajdzie.pl\/","name":"Chatka Zagajdzie","description":"\\","publisher":{"@id":"https:\/\/www.chatkazagajdzie.pl\/#organization"},"potentialAction":[{"@type":"SearchAction","target":{"@type":"EntryPoint","urlTemplate":"https:\/\/www.chatkazagajdzie.pl\/?s={search_term_string}"},"query-input":{"@type":"PropertyValueSpecification","valueRequired":true,"valueName":"search_term_string"}}],"inLanguage":"en"},{"@type":"Organization","@id":"https:\/\/www.chatkazagajdzie.pl\/#organization","name":"Chatka Zagajdzie","url":"https:\/\/www.chatkazagajdzie.pl\/","logo":{"@type":"ImageObject","inLanguage":"en","@id":"https:\/\/www.chatkazagajdzie.pl\/#\/schema\/logo\/image\/","url":"http:\/\/www.chatkazagajdzie.pl\/wp-content\/uploads\/2023\/11\/20230902_104158-scaled.jpg","contentUrl":"http:\/\/www.chatkazagajdzie.pl\/wp-content\/uploads\/2023\/11\/20230902_104158-scaled.jpg","width":2560,"height":1920,"caption":"Chatka Zagajdzie"},"image":{"@id":"https:\/\/www.chatkazagajdzie.pl\/#\/schema\/logo\/image\/"}}]}},"_links":{"self":[{"href":"https:\/\/www.chatkazagajdzie.pl\/index.php\/wp-json\/wp\/v2\/pages\/2677","targetHints":{"allow":["GET"]}}],"collection":[{"href":"https:\/\/www.chatkazagajdzie.pl\/index.php\/wp-json\/wp\/v2\/pages"}],"about":[{"href":"https:\/\/www.chatkazagajdzie.pl\/index.php\/wp-json\/wp\/v2\/types\/page"}],"author":[{"embeddable":true,"href":"https:\/\/www.chatkazagajdzie.pl\/index.php\/wp-json\/wp\/v2\/users\/1"}],"replies":[{"embeddable":true,"href":"https:\/\/www.chatkazagajdzie.pl\/index.php\/wp-json\/wp\/v2\/comments?post=2677"}],"version-history":[{"count":6,"href":"https:\/\/www.chatkazagajdzie.pl\/index.php\/wp-json\/wp\/v2\/pages\/2677\/revisions"}],"predecessor-version":[{"id":2779,"href":"https:\/\/www.chatkazagajdzie.pl\/index.php\/wp-json\/wp\/v2\/pages\/2677\/revisions\/2779"}],"wp:attachment":[{"href":"https:\/\/www.chatkazagajdzie.pl\/index.php\/wp-json\/wp\/v2\/media?parent=2677"}],"curies":[{"name":"wp","href":"https:\/\/api.w.org\/{rel}","templated":true}]}}