{"id":2269,"date":"2023-11-12T12:09:08","date_gmt":"2023-11-12T12:09:08","guid":{"rendered":"http:\/\/www.chatkazagajdzie.pl\/?page_id=2269"},"modified":"2026-03-03T15:10:21","modified_gmt":"2026-03-03T15:10:21","slug":"galeria","status":"publish","type":"page","link":"https:\/\/www.chatkazagajdzie.pl\/index.php\/galeria\/","title":{"rendered":"Galeria"},"content":{"rendered":"<p>[et_pb_section fb_built=&#8221;1&#8243; admin_label=&#8221;Header&#8221; _builder_version=&#8221;4.22.1&#8243; _module_preset=&#8221;default&#8221; background_enable_color=&#8221;off&#8221; background_image=&#8221;https:\/\/www.chatkazagajdzie.pl\/wp-content\/uploads\/2022\/02\/IMG_20190501_185440-scaled.jpg&#8221; width=&#8221;94%&#8221; width_tablet=&#8221;80%&#8221; width_phone=&#8221;100%&#8221; width_last_edited=&#8221;on|desktop&#8221; max_width=&#8221;2000px&#8221; module_alignment=&#8221;center&#8221; custom_margin=&#8221;100px||20px||false|false&#8221; custom_margin_tablet=&#8221;||0px||false|false&#8221; custom_margin_phone=&#8221;||0px||false|false&#8221; custom_margin_last_edited=&#8221;on|tablet&#8221; custom_padding=&#8221;6vw||6vw||true|false&#8221; border_radii=&#8221;on|10px|10px|10px|10px&#8221; locked=&#8221;off&#8221; collapsed=&#8221;on&#8221; global_colors_info=&#8221;{%22gcid-5aa9ce6a-8a5e-4347-973a-c6b91f603234%22:%91%22background_color%22,%22background_color%22%93}&#8221;][et_pb_row _builder_version=&#8221;4.21.0&#8243; _module_preset=&#8221;default&#8221; global_colors_info=&#8221;{}&#8221;][et_pb_column type=&#8221;4_4&#8243; _builder_version=&#8221;4.21.0&#8243; _module_preset=&#8221;default&#8221; global_colors_info=&#8221;{}&#8221;][et_pb_text _builder_version=&#8221;4.22.1&#8243; _module_preset=&#8221;0e2aaae1-2733-4371-a199-db2a1e12a6eb&#8221; header_text_color=&#8221;#FFFFFF&#8221; background_color=&#8221;rgba(73,101,114,0.82)&#8221; text_orientation=&#8221;center&#8221; custom_padding=&#8221;18px||10px||false|false&#8221; border_radii=&#8221;on|7px|7px|7px|7px&#8221; locked=&#8221;off&#8221; global_colors_info=&#8221;{}&#8221;]<\/p>\n<h1>Galeria<\/h1>\n<p>[\/et_pb_text][\/et_pb_column][\/et_pb_row][\/et_pb_section][et_pb_section fb_built=&#8221;1&#8243; custom_padding_last_edited=&#8221;on|tablet&#8221; admin_label=&#8221;Call to Action&#8221; _builder_version=&#8221;4.21.0&#8243; _module_preset=&#8221;default&#8221; custom_padding=&#8221;0px||20px||false|false&#8221; custom_padding_tablet=&#8221;0px||0px||false|false&#8221; custom_padding_phone=&#8221;0px||0px||false|false&#8221; locked=&#8221;off&#8221; collapsed=&#8221;on&#8221; global_colors_info=&#8221;{}&#8221;][et_pb_row column_structure=&#8221;1_3,1_3,1_3&#8243; use_custom_gutter=&#8221;on&#8221; gutter_width=&#8221;2&#8243; _builder_version=&#8221;4.27.4&#8243; _module_preset=&#8221;default&#8221; width=&#8221;94%&#8221; max_width=&#8221;2560px&#8221; hover_enabled=&#8221;0&#8243; global_colors_info=&#8221;{}&#8221; sticky_enabled=&#8221;0&#8243;][et_pb_column type=&#8221;1_3&#8243; _builder_version=&#8221;4.22.1&#8243; _module_preset=&#8221;default&#8221; background_image=&#8221;https:\/\/www.chatkazagajdzie.pl\/wp-content\/uploads\/2023\/10\/20230902_104158-1-scaled.jpg&#8221; link_option_url=&#8221;https:\/\/www.chatkazagajdzie.pl\/index.php\/galeria-teren\/&#8221; border_radii=&#8221;on|9px|9px|9px|9px&#8221; global_colors_info=&#8221;{}&#8221; transform_styles__hover_enabled=&#8221;on|hover&#8221; transform_scale__hover_enabled=&#8221;on|hover&#8221; transform_translate__hover_enabled=&#8221;on|desktop&#8221; transform_rotate__hover_enabled=&#8221;on|desktop&#8221; transform_skew__hover_enabled=&#8221;on|desktop&#8221; transform_origin__hover_enabled=&#8221;on|desktop&#8221; transform_scale__hover=&#8221;110%|110%&#8221;][et_pb_text _builder_version=&#8221;4.22.1&#8243; _module_preset=&#8221;default&#8221; header_font=&#8221;Prata||||||||&#8221; header_text_align=&#8221;center&#8221; header_text_color=&#8221;#FFFFFF&#8221; header_font_size=&#8221;34px&#8221; background_color=&#8221;RGBA(73,101,114,0.82)&#8221; custom_margin=&#8221;12em|1em|4em|1em|false|true&#8221; custom_padding=&#8221;10px|3px|2px|3px|false|true&#8221; border_radii=&#8221;on|6px|6px|6px|6px&#8221; global_colors_info=&#8221;{}&#8221;]<\/p>\n<h1>Obej\u015bcie-<br \/>Teren<\/h1>\n<p>[\/et_pb_text][\/et_pb_column][et_pb_column type=&#8221;1_3&#8243; _builder_version=&#8221;4.22.1&#8243; _module_preset=&#8221;default&#8221; background_image=&#8221;https:\/\/www.chatkazagajdzie.pl\/wp-content\/uploads\/2023\/08\/0857c207-805f-4a54-89c1-4da4b880f707_out-4048&#215;3024-scaled.jpg&#8221; link_option_url=&#8221;https:\/\/www.chatkazagajdzie.pl\/index.php\/galeria-biala-chatka\/&#8221; border_radii=&#8221;on|9px|9px|9px|9px&#8221; global_colors_info=&#8221;{}&#8221; transform_styles__hover_enabled=&#8221;on|desktop&#8221; transform_scale__hover_enabled=&#8221;on|desktop&#8221; transform_translate__hover_enabled=&#8221;on|desktop&#8221; transform_rotate__hover_enabled=&#8221;on|desktop&#8221; transform_skew__hover_enabled=&#8221;on|desktop&#8221; transform_origin__hover_enabled=&#8221;on|desktop&#8221; transform_scale__hover=&#8221;110%|110%&#8221;][et_pb_text _builder_version=&#8221;4.22.1&#8243; _module_preset=&#8221;default&#8221; header_font=&#8221;Prata||||||||&#8221; header_text_align=&#8221;center&#8221; header_text_color=&#8221;#FFFFFF&#8221; header_font_size=&#8221;34px&#8221; background_color=&#8221;RGBA(73,101,114,0.82)&#8221; custom_margin=&#8221;12em|1em|4em|1em|false|true&#8221; custom_padding=&#8221;10px|3px|2px|3px|false|true&#8221; border_radii=&#8221;on|6px|6px|6px|6px&#8221; global_colors_info=&#8221;{}&#8221;]<\/p>\n<h1>Bia\u0142a<br \/>Chatka<\/h1>\n<p>[\/et_pb_text][\/et_pb_column][et_pb_column type=&#8221;1_3&#8243; _builder_version=&#8221;4.22.1&#8243; _module_preset=&#8221;default&#8221; background_image=&#8221;https:\/\/www.chatkazagajdzie.pl\/wp-content\/uploads\/2023\/11\/20230907_121716-scaled.jpg&#8221; link_option_url=&#8221;https:\/\/www.chatkazagajdzie.pl\/index.php\/galeria-lawendowa-chatka\/&#8221; border_radii=&#8221;on|9px|9px|9px|9px&#8221; global_colors_info=&#8221;{}&#8221; transform_styles__hover_enabled=&#8221;on|hover&#8221; transform_scale__hover_enabled=&#8221;on|hover&#8221; transform_translate__hover_enabled=&#8221;on|desktop&#8221; transform_rotate__hover_enabled=&#8221;on|desktop&#8221; transform_skew__hover_enabled=&#8221;on|desktop&#8221; transform_origin__hover_enabled=&#8221;on|desktop&#8221; transform_scale__hover=&#8221;110%|110%&#8221;][et_pb_text _builder_version=&#8221;4.22.1&#8243; _module_preset=&#8221;default&#8221; header_font=&#8221;Prata||||||||&#8221; header_text_align=&#8221;center&#8221; header_text_color=&#8221;#FFFFFF&#8221; header_font_size=&#8221;34px&#8221; background_color=&#8221;RGBA(73,101,114,0.82)&#8221; custom_margin=&#8221;12em|1em|4em|1em|false|true&#8221; custom_padding=&#8221;10px|3px|2px|3px|false|true&#8221; border_radii=&#8221;on|6px|6px|6px|6px&#8221; global_colors_info=&#8221;{}&#8221;]<\/p>\n<h1>Lawendowa<br \/>Chatka<\/h1>\n<p>[\/et_pb_text][\/et_pb_column][\/et_pb_row][et_pb_row column_structure=&#8221;1_3,1_3,1_3&#8243; use_custom_gutter=&#8221;on&#8221; gutter_width=&#8221;2&#8243; _builder_version=&#8221;4.27.4&#8243; _module_preset=&#8221;default&#8221; width=&#8221;94%&#8221; max_width=&#8221;2560px&#8221; hover_enabled=&#8221;0&#8243; global_colors_info=&#8221;{}&#8221; sticky_enabled=&#8221;0&#8243;][et_pb_column type=&#8221;1_3&#8243; _builder_version=&#8221;4.22.1&#8243; _module_preset=&#8221;default&#8221; background_image=&#8221;https:\/\/www.chatkazagajdzie.pl\/wp-content\/uploads\/2022\/02\/IMG_20190531_182829-scaled.jpg&#8221; link_option_url=&#8221;https:\/\/www.chatkazagajdzie.pl\/index.php\/galeria-drewniany-dom\/&#8221; border_radii=&#8221;on|9px|9px|9px|9px&#8221; global_colors_info=&#8221;{}&#8221; transform_styles__hover_enabled=&#8221;on|hover&#8221; transform_scale__hover_enabled=&#8221;on|hover&#8221; transform_translate__hover_enabled=&#8221;on|desktop&#8221; transform_rotate__hover_enabled=&#8221;on|desktop&#8221; transform_skew__hover_enabled=&#8221;on|desktop&#8221; transform_origin__hover_enabled=&#8221;on|desktop&#8221; transform_scale__hover=&#8221;110%|110%&#8221;][et_pb_text _builder_version=&#8221;4.27.4&#8243; _module_preset=&#8221;default&#8221; header_font=&#8221;Prata||||||||&#8221; header_text_align=&#8221;center&#8221; header_text_color=&#8221;#FFFFFF&#8221; header_font_size=&#8221;34px&#8221; background_color=&#8221;RGBA(73,101,114,0.82)&#8221; custom_margin=&#8221;12em|1em|4em|1em|false|true&#8221; custom_padding=&#8221;10px|3px|2px|3px|false|true&#8221; hover_enabled=&#8221;0&#8243; border_radii=&#8221;on|6px|6px|6px|6px&#8221; global_colors_info=&#8221;{}&#8221; sticky_enabled=&#8221;0&#8243;]<\/p>\n<h1>Stara Chata<\/h1>\n<p>[\/et_pb_text][\/et_pb_column][et_pb_column type=&#8221;1_3&#8243; _builder_version=&#8221;4.27.4&#8243; _module_preset=&#8221;default&#8221; background_image=&#8221;https:\/\/www.chatkazagajdzie.pl\/wp-content\/uploads\/2026\/03\/20260111_092234-768&#215;1024.jpg&#8221; link_option_url=&#8221;https:\/\/www.chatkazagajdzie.pl\/index.php\/galeria-nowa-chata\/&#8221; hover_enabled=&#8221;0&#8243; border_radii=&#8221;on|9px|9px|9px|9px&#8221; global_colors_info=&#8221;{}&#8221; transform_styles__hover_enabled=&#8221;on|desktop&#8221; transform_scale__hover_enabled=&#8221;on|desktop&#8221; transform_translate__hover_enabled=&#8221;on|desktop&#8221; transform_rotate__hover_enabled=&#8221;on|desktop&#8221; transform_skew__hover_enabled=&#8221;on|desktop&#8221; transform_origin__hover_enabled=&#8221;on|desktop&#8221; transform_scale__hover=&#8221;110%|110%&#8221; title_text=&#8221;20260111_092234&#8243; sticky_enabled=&#8221;0&#8243;][et_pb_text _builder_version=&#8221;4.27.4&#8243; _module_preset=&#8221;default&#8221; header_font=&#8221;Prata||||||||&#8221; header_text_align=&#8221;center&#8221; header_text_color=&#8221;#FFFFFF&#8221; header_font_size=&#8221;34px&#8221; background_color=&#8221;RGBA(73,101,114,0.82)&#8221; custom_margin=&#8221;12em|1em|4em|1em|false|true&#8221; custom_padding=&#8221;10px|3px|2px|3px|false|true&#8221; hover_enabled=&#8221;0&#8243; border_radii=&#8221;on|6px|6px|6px|6px&#8221; global_colors_info=&#8221;{}&#8221; sticky_enabled=&#8221;0&#8243;]<\/p>\n<h1>Nowa Chata<\/h1>\n<p>[\/et_pb_text][\/et_pb_column][et_pb_column type=&#8221;1_3&#8243; _builder_version=&#8221;4.27.4&#8243; _module_preset=&#8221;default&#8221; background_image=&#8221;https:\/\/www.chatkazagajdzie.pl\/wp-content\/uploads\/2026\/03\/20260111_091201-1024&#215;768.jpg&#8221; link_option_url=&#8221;https:\/\/www.chatkazagajdzie.pl\/index.php\/galeria-dom-spotkan\/&#8221; hover_enabled=&#8221;0&#8243; border_radii=&#8221;on|9px|9px|9px|9px&#8221; global_colors_info=&#8221;{}&#8221; transform_styles__hover_enabled=&#8221;on|hover&#8221; transform_scale__hover_enabled=&#8221;on|hover&#8221; transform_translate__hover_enabled=&#8221;on|desktop&#8221; transform_rotate__hover_enabled=&#8221;on|desktop&#8221; transform_skew__hover_enabled=&#8221;on|desktop&#8221; transform_origin__hover_enabled=&#8221;on|desktop&#8221; transform_scale__hover=&#8221;110%|110%&#8221; title_text=&#8221;20260111_091201&#8243; sticky_enabled=&#8221;0&#8243;][et_pb_text _builder_version=&#8221;4.27.4&#8243; _module_preset=&#8221;default&#8221; header_font=&#8221;Prata||||||||&#8221; header_text_align=&#8221;center&#8221; header_text_color=&#8221;#FFFFFF&#8221; header_font_size=&#8221;34px&#8221; background_color=&#8221;RGBA(73,101,114,0.82)&#8221; custom_margin=&#8221;12em|1em|4em|1em|false|true&#8221; custom_padding=&#8221;10px|3px|2px|3px|false|true&#8221; hover_enabled=&#8221;0&#8243; border_radii=&#8221;on|6px|6px|6px|6px&#8221; global_colors_info=&#8221;{}&#8221; sticky_enabled=&#8221;0&#8243;]<\/p>\n<h1><span>Dom Spotka\u0144<\/span><\/h1>\n<p>[\/et_pb_text][\/et_pb_column][\/et_pb_row][\/et_pb_section]<\/p>\n","protected":false},"excerpt":{"rendered":"<p>GaleriaObej\u015bcie-TerenBia\u0142aChatkaLawendowaChatkaStara ChataNowa ChataDom Spotka\u0144<\/p>\n","protected":false},"author":2,"featured_media":0,"parent":0,"menu_order":0,"comment_status":"closed","ping_status":"closed","template":"","meta":{"_acf_changed":false,"_et_pb_use_builder":"on","_et_pb_old_content":"","_et_gb_content_width":"","footnotes":""},"class_list":["post-2269","page","type-page","status-publish","hentry"],"acf":[],"yoast_head":"<!-- This site is optimized with the Yoast SEO plugin v24.2 - https:\/\/yoast.com\/wordpress\/plugins\/seo\/ -->\n<title>Galeria - Chatka Zagajdzie<\/title>\n<meta name=\"robots\" content=\"index, follow, max-snippet:-1, max-image-preview:large, max-video-preview:-1\" \/>\n<link rel=\"canonical\" href=\"https:\/\/www.chatkazagajdzie.pl\/index.php\/galeria\/\" \/>\n<meta property=\"og:locale\" content=\"en_US\" \/>\n<meta property=\"og:type\" content=\"article\" \/>\n<meta property=\"og:title\" content=\"Galeria - Chatka Zagajdzie\" \/>\n<meta property=\"og:description\" content=\"GaleriaObej\u015bcie-TerenBia\u0142aChatkaLawendowaChatkaStara ChataNowa ChataDom Spotka\u0144\" \/>\n<meta property=\"og:url\" content=\"https:\/\/www.chatkazagajdzie.pl\/index.php\/galeria\/\" \/>\n<meta property=\"og:site_name\" content=\"Chatka Zagajdzie\" \/>\n<meta property=\"article:modified_time\" content=\"2026-03-03T15:10:21+00:00\" \/>\n<meta property=\"og:image\" content=\"https:\/\/www.chatkazagajdzie.pl\/wp-content\/uploads\/2025\/01\/KONTAKT-1.png\" \/>\n\t<meta property=\"og:image:width\" content=\"940\" \/>\n\t<meta property=\"og:image:height\" content=\"788\" \/>\n\t<meta property=\"og:image:type\" content=\"image\/png\" \/>\n<meta name=\"twitter:card\" content=\"summary_large_image\" \/>\n<meta name=\"twitter:label1\" content=\"Est. reading time\" \/>\n\t<meta name=\"twitter:data1\" content=\"6 minutes\" \/>\n<script type=\"application\/ld+json\" class=\"yoast-schema-graph\">{\"@context\":\"https:\/\/schema.org\",\"@graph\":[{\"@type\":\"WebPage\",\"@id\":\"https:\/\/www.chatkazagajdzie.pl\/index.php\/galeria\/\",\"url\":\"https:\/\/www.chatkazagajdzie.pl\/index.php\/galeria\/\",\"name\":\"Galeria - Chatka Zagajdzie\",\"isPartOf\":{\"@id\":\"https:\/\/www.chatkazagajdzie.pl\/#website\"},\"datePublished\":\"2023-11-12T12:09:08+00:00\",\"dateModified\":\"2026-03-03T15:10:21+00:00\",\"breadcrumb\":{\"@id\":\"https:\/\/www.chatkazagajdzie.pl\/index.php\/galeria\/#breadcrumb\"},\"inLanguage\":\"en\",\"potentialAction\":[{\"@type\":\"ReadAction\",\"target\":[\"https:\/\/www.chatkazagajdzie.pl\/index.php\/galeria\/\"]}]},{\"@type\":\"BreadcrumbList\",\"@id\":\"https:\/\/www.chatkazagajdzie.pl\/index.php\/galeria\/#breadcrumb\",\"itemListElement\":[{\"@type\":\"ListItem\",\"position\":1,\"name\":\"Strona g\u0142\u00f3wna\",\"item\":\"https:\/\/www.chatkazagajdzie.pl\/\"},{\"@type\":\"ListItem\",\"position\":2,\"name\":\"Galeria\"}]},{\"@type\":\"WebSite\",\"@id\":\"https:\/\/www.chatkazagajdzie.pl\/#website\",\"url\":\"https:\/\/www.chatkazagajdzie.pl\/\",\"name\":\"Chatka Zagajdzie\",\"description\":\"\\\\\",\"publisher\":{\"@id\":\"https:\/\/www.chatkazagajdzie.pl\/#organization\"},\"potentialAction\":[{\"@type\":\"SearchAction\",\"target\":{\"@type\":\"EntryPoint\",\"urlTemplate\":\"https:\/\/www.chatkazagajdzie.pl\/?s={search_term_string}\"},\"query-input\":{\"@type\":\"PropertyValueSpecification\",\"valueRequired\":true,\"valueName\":\"search_term_string\"}}],\"inLanguage\":\"en\"},{\"@type\":\"Organization\",\"@id\":\"https:\/\/www.chatkazagajdzie.pl\/#organization\",\"name\":\"Chatka Zagajdzie\",\"url\":\"https:\/\/www.chatkazagajdzie.pl\/\",\"logo\":{\"@type\":\"ImageObject\",\"inLanguage\":\"en\",\"@id\":\"https:\/\/www.chatkazagajdzie.pl\/#\/schema\/logo\/image\/\",\"url\":\"http:\/\/www.chatkazagajdzie.pl\/wp-content\/uploads\/2023\/11\/20230902_104158-scaled.jpg\",\"contentUrl\":\"http:\/\/www.chatkazagajdzie.pl\/wp-content\/uploads\/2023\/11\/20230902_104158-scaled.jpg\",\"width\":2560,\"height\":1920,\"caption\":\"Chatka Zagajdzie\"},\"image\":{\"@id\":\"https:\/\/www.chatkazagajdzie.pl\/#\/schema\/logo\/image\/\"}}]}<\/script>\n<!-- \/ Yoast SEO plugin. -->","yoast_head_json":{"title":"Galeria - Chatka Zagajdzie","robots":{"index":"index","follow":"follow","max-snippet":"max-snippet:-1","max-image-preview":"max-image-preview:large","max-video-preview":"max-video-preview:-1"},"canonical":"https:\/\/www.chatkazagajdzie.pl\/index.php\/galeria\/","og_locale":"en_US","og_type":"article","og_title":"Galeria - Chatka Zagajdzie","og_description":"GaleriaObej\u015bcie-TerenBia\u0142aChatkaLawendowaChatkaStara ChataNowa ChataDom Spotka\u0144","og_url":"https:\/\/www.chatkazagajdzie.pl\/index.php\/galeria\/","og_site_name":"Chatka Zagajdzie","article_modified_time":"2026-03-03T15:10:21+00:00","og_image":[{"width":940,"height":788,"url":"https:\/\/www.chatkazagajdzie.pl\/wp-content\/uploads\/2025\/01\/KONTAKT-1.png","type":"image\/png"}],"twitter_card":"summary_large_image","twitter_misc":{"Est. reading time":"6 minutes"},"schema":{"@context":"https:\/\/schema.org","@graph":[{"@type":"WebPage","@id":"https:\/\/www.chatkazagajdzie.pl\/index.php\/galeria\/","url":"https:\/\/www.chatkazagajdzie.pl\/index.php\/galeria\/","name":"Galeria - Chatka Zagajdzie","isPartOf":{"@id":"https:\/\/www.chatkazagajdzie.pl\/#website"},"datePublished":"2023-11-12T12:09:08+00:00","dateModified":"2026-03-03T15:10:21+00:00","breadcrumb":{"@id":"https:\/\/www.chatkazagajdzie.pl\/index.php\/galeria\/#breadcrumb"},"inLanguage":"en","potentialAction":[{"@type":"ReadAction","target":["https:\/\/www.chatkazagajdzie.pl\/index.php\/galeria\/"]}]},{"@type":"BreadcrumbList","@id":"https:\/\/www.chatkazagajdzie.pl\/index.php\/galeria\/#breadcrumb","itemListElement":[{"@type":"ListItem","position":1,"name":"Strona g\u0142\u00f3wna","item":"https:\/\/www.chatkazagajdzie.pl\/"},{"@type":"ListItem","position":2,"name":"Galeria"}]},{"@type":"WebSite","@id":"https:\/\/www.chatkazagajdzie.pl\/#website","url":"https:\/\/www.chatkazagajdzie.pl\/","name":"Chatka Zagajdzie","description":"\\","publisher":{"@id":"https:\/\/www.chatkazagajdzie.pl\/#organization"},"potentialAction":[{"@type":"SearchAction","target":{"@type":"EntryPoint","urlTemplate":"https:\/\/www.chatkazagajdzie.pl\/?s={search_term_string}"},"query-input":{"@type":"PropertyValueSpecification","valueRequired":true,"valueName":"search_term_string"}}],"inLanguage":"en"},{"@type":"Organization","@id":"https:\/\/www.chatkazagajdzie.pl\/#organization","name":"Chatka Zagajdzie","url":"https:\/\/www.chatkazagajdzie.pl\/","logo":{"@type":"ImageObject","inLanguage":"en","@id":"https:\/\/www.chatkazagajdzie.pl\/#\/schema\/logo\/image\/","url":"http:\/\/www.chatkazagajdzie.pl\/wp-content\/uploads\/2023\/11\/20230902_104158-scaled.jpg","contentUrl":"http:\/\/www.chatkazagajdzie.pl\/wp-content\/uploads\/2023\/11\/20230902_104158-scaled.jpg","width":2560,"height":1920,"caption":"Chatka Zagajdzie"},"image":{"@id":"https:\/\/www.chatkazagajdzie.pl\/#\/schema\/logo\/image\/"}}]}},"_links":{"self":[{"href":"https:\/\/www.chatkazagajdzie.pl\/index.php\/wp-json\/wp\/v2\/pages\/2269","targetHints":{"allow":["GET"]}}],"collection":[{"href":"https:\/\/www.chatkazagajdzie.pl\/index.php\/wp-json\/wp\/v2\/pages"}],"about":[{"href":"https:\/\/www.chatkazagajdzie.pl\/index.php\/wp-json\/wp\/v2\/types\/page"}],"author":[{"embeddable":true,"href":"https:\/\/www.chatkazagajdzie.pl\/index.php\/wp-json\/wp\/v2\/users\/2"}],"replies":[{"embeddable":true,"href":"https:\/\/www.chatkazagajdzie.pl\/index.php\/wp-json\/wp\/v2\/comments?post=2269"}],"version-history":[{"count":15,"href":"https:\/\/www.chatkazagajdzie.pl\/index.php\/wp-json\/wp\/v2\/pages\/2269\/revisions"}],"predecessor-version":[{"id":6079,"href":"https:\/\/www.chatkazagajdzie.pl\/index.php\/wp-json\/wp\/v2\/pages\/2269\/revisions\/6079"}],"wp:attachment":[{"href":"https:\/\/www.chatkazagajdzie.pl\/index.php\/wp-json\/wp\/v2\/media?parent=2269"}],"curies":[{"name":"wp","href":"https:\/\/api.w.org\/{rel}","templated":true}]}}